{"id":280,"date":"2024-10-16T19:43:14","date_gmt":"2024-10-16T19:43:14","guid":{"rendered":"https:\/\/uman.gob.mx\/?page_id=280"},"modified":"2024-10-16T19:43:40","modified_gmt":"2024-10-16T19:43:40","slug":"gobierno","status":"publish","type":"page","link":"https:\/\/uman.gob.mx\/index.php\/gobierno\/","title":{"rendered":"GOBIERNO"},"content":{"rendered":"<p>Um\u00e1n pertenece al Segundo Distrito Electoral Federal y al S\u00e9ptimo Distrito Electoral Local.<\/p>\n<ul>\n<li>Juan Montero. 1941-1943<\/li>\n<li>Castulo Montero S. 1943-1945<\/li>\n<li>Miguel E. Dogre F. 1945-1946<\/li>\n<li>M\u00e1ximo Rodr\u00edguez R. 1950-1952<\/li>\n<li>Manuel Gonz\u00e1lez Ruiz. 1953-1955<\/li>\n<li>Gustavo Montero Quintal. 1956-1958<\/li>\n<li>Gonzalo Dzul Chan. 1959-1961<\/li>\n<li>Maximiliano Mart\u00edn. 1962-1964<\/li>\n<li>Augusto Orozco Montalvo. 1965-1967<\/li>\n<li>Luis Gonzalo L\u00f3pez. 1968-1970<\/li>\n<li>Rene Gonz\u00e1lez Gonz\u00e1lez. 1971-1973<\/li>\n<li>Gerardo A. Duran D\u00edaz. 1974-1975<\/li>\n<li>Juan Gonz\u00e1lez Rosado. 1976-1978<\/li>\n<li>Carlos Quintal Duran. 1979-1981<\/li>\n<li>Juan Carrillo Paredes. 1982-1984<\/li>\n<li>Wiliam Quintal Montero. 1985-1987<\/li>\n<li>Carlos Castillo Solis. 1988-1991<\/li>\n<li>Minerva Rodr\u00edguez Paredes. 1991-1993<\/li>\n<li>William Manuel Quintal Montero. 1994-1995<\/li>\n<li>Gregorio Ernesto Montero Mart\u00edn. 1995-1998<\/li>\n<li>Jes\u00fas Adrian Quintal Ic. 1998-2001<\/li>\n<li>Ra\u00fal Alberto Ruiz Ortiz. 2001-2004<\/li>\n<li>Enrique Castillo Ruz. 2004-2007<\/li>\n<li>William Manuel Quintal L\u00f3pez. 2007-2010<\/li>\n<li>Jos\u00e9 Javier Castillo Ruz. 2010-2012<\/li>\n<li>Jes\u00fas Adrian Quintal Ic. 2012-2015<\/li>\n<li>Freddy de Jes\u00fas Ruiz Guzm\u00e1n. 2015-2018<\/li>\n<li>Freddy de Jes\u00fas Ruiz Guzm\u00e1n. 2018-2021<\/li>\n<li>Gaspar Ventura Cisneros Polanco. 2021-2024<\/li>\n<li>Kenia Walldina Sauri. 2024-2027<\/li>\n<\/ul>\n<p>&nbsp;<\/p>\n<hr \/>\n<p style=\"text-align: center;\">FUENTE: https:\/\/www.yucatan.gob.mx\/estado\/ver_municipio.php?id=101<\/p>\n","protected":false},"excerpt":{"rendered":"<p>Um\u00e1n pertenece al Segundo Distrito Electoral Federal y al S\u00e9ptimo Distrito Electoral Local. Juan Montero. 1941-1943 Castulo Montero S. 1943-1945 Miguel E. Dogre F. 1945-1946 M\u00e1ximo Rodr\u00edguez R. 1950-1952 Manuel Gonz\u00e1lez Ruiz. 1953-1955 Gustavo Montero Quintal. 1956-1958 Gonzalo Dzul Chan. 1959-1961 Maximiliano Mart\u00edn. 1962-1964 Augusto Orozco Montalvo. 1965-1967 Luis Gonzalo L\u00f3pez. 1968-1970 Rene Gonz\u00e1lez Gonz\u00e1lez. [&hellip;]<\/p>\n","protected":false},"author":1,"featured_media":0,"parent":0,"menu_order":0,"comment_status":"closed","ping_status":"closed","template":"template\/fullwidth.php","meta":{"footnotes":""},"class_list":["post-280","page","type-page","status-publish","hentry"],"_links":{"self":[{"href":"https:\/\/uman.gob.mx\/index.php\/wp-json\/wp\/v2\/pages\/280","targetHints":{"allow":["GET"]}}],"collection":[{"href":"https:\/\/uman.gob.mx\/index.php\/wp-json\/wp\/v2\/pages"}],"about":[{"href":"https:\/\/uman.gob.mx\/index.php\/wp-json\/wp\/v2\/types\/page"}],"author":[{"embeddable":true,"href":"https:\/\/uman.gob.mx\/index.php\/wp-json\/wp\/v2\/users\/1"}],"replies":[{"embeddable":true,"href":"https:\/\/uman.gob.mx\/index.php\/wp-json\/wp\/v2\/comments?post=280"}],"version-history":[{"count":2,"href":"https:\/\/uman.gob.mx\/index.php\/wp-json\/wp\/v2\/pages\/280\/revisions"}],"predecessor-version":[{"id":282,"href":"https:\/\/uman.gob.mx\/index.php\/wp-json\/wp\/v2\/pages\/280\/revisions\/282"}],"wp:attachment":[{"href":"https:\/\/uman.gob.mx\/index.php\/wp-json\/wp\/v2\/media?parent=280"}],"curies":[{"name":"wp","href":"https:\/\/api.w.org\/{rel}","templated":true}]}}